{"id":64,"date":"2022-10-06T10:16:42","date_gmt":"2022-10-06T10:16:42","guid":{"rendered":"https:\/\/resolucaodigital.com.br\/?page_id=64"},"modified":"2022-10-06T10:16:44","modified_gmt":"2022-10-06T10:16:44","slug":"resolucao-digital-propaganda-marketing","status":"publish","type":"page","link":"https:\/\/resolucaodigital.com.br\/","title":{"rendered":"Resolu\u00e7\u00e3o Digital Propaganda &#038; Marketing"},"content":{"rendered":"\n<figure class=\"wp-container-2 wp-block-gallery-1 wp-block-gallery has-nested-images columns-default is-cropped\">\n<figure class=\"wp-block-image size-large\"><img loading=\"lazy\" width=\"1200\" height=\"1200\" data-id=\"45\"  src=\"http:\/\/resolucaodigital.com.br\/wp-content\/uploads\/2022\/09\/propaganda-cartao-visita-digital2.jpg\" alt=\"\" class=\"wp-image-45\" srcset=\"https:\/\/resolucaodigital.com.br\/wp-content\/uploads\/2022\/09\/propaganda-cartao-visita-digital2.jpg 1200w, https:\/\/resolucaodigital.com.br\/wp-content\/uploads\/2022\/09\/propaganda-cartao-visita-digital2-300x300.jpg 300w, https:\/\/resolucaodigital.com.br\/wp-content\/uploads\/2022\/09\/propaganda-cartao-visita-digital2-1024x1024.jpg 1024w, https:\/\/resolucaodigital.com.br\/wp-content\/uploads\/2022\/09\/propaganda-cartao-visita-digital2-150x150.jpg 150w, https:\/\/resolucaodigital.com.br\/wp-content\/uploads\/2022\/09\/propaganda-cartao-visita-digital2-768x768.jpg 768w, https:\/\/resolucaodigital.com.br\/wp-content\/uploads\/2022\/09\/propaganda-cartao-visita-digital2-230x230.jpg 230w, https:\/\/resolucaodigital.com.br\/wp-content\/uploads\/2022\/09\/propaganda-cartao-visita-digital2-365x365.jpg 365w\" sizes=\"(max-width: 1200px) 100vw, 1200px\" \/><\/figure>\n\n\n\n<figure class=\"wp-block-image size-large\"><img loading=\"lazy\" width=\"1280\" height=\"720\" data-id=\"33\"  src=\"http:\/\/resolucaodigital.com.br\/wp-content\/uploads\/2022\/09\/maxresdefault.jpg\" alt=\"\" class=\"wp-image-33\" srcset=\"https:\/\/resolucaodigital.com.br\/wp-content\/uploads\/2022\/09\/maxresdefault.jpg 1280w, https:\/\/resolucaodigital.com.br\/wp-content\/uploads\/2022\/09\/maxresdefault-300x169.jpg 300w, https:\/\/resolucaodigital.com.br\/wp-content\/uploads\/2022\/09\/maxresdefault-1024x576.jpg 1024w, https:\/\/resolucaodigital.com.br\/wp-content\/uploads\/2022\/09\/maxresdefault-768x432.jpg 768w\" sizes=\"(max-width: 1280px) 100vw, 1280px\" \/><\/figure>\n\n\n\n<figure class=\"wp-block-image size-large\"><img loading=\"lazy\" width=\"1024\" height=\"603\" data-id=\"19\"  src=\"http:\/\/resolucaodigital.com.br\/wp-content\/uploads\/2022\/09\/541b2386acb421.jpg\" alt=\"\" class=\"wp-image-19\" srcset=\"https:\/\/resolucaodigital.com.br\/wp-content\/uploads\/2022\/09\/541b2386acb421.jpg 1024w, https:\/\/resolucaodigital.com.br\/wp-content\/uploads\/2022\/09\/541b2386acb421-300x177.jpg 300w, https:\/\/resolucaodigital.com.br\/wp-content\/uploads\/2022\/09\/541b2386acb421-768x452.jpg 768w\" sizes=\"(max-width: 1024px) 100vw, 1024px\" \/><\/figure>\n\n\n\n<figure class=\"wp-block-image size-large\"><img loading=\"lazy\" width=\"500\" height=\"500\" data-id=\"17\"  src=\"http:\/\/resolucaodigital.com.br\/wp-content\/uploads\/2022\/09\/D_NQ_NP_791482-MLB42208503839_062020-O.webp\" alt=\"\" class=\"wp-image-17\" srcset=\"https:\/\/resolucaodigital.com.br\/wp-content\/uploads\/2022\/09\/D_NQ_NP_791482-MLB42208503839_062020-O.webp 500w, https:\/\/resolucaodigital.com.br\/wp-content\/uploads\/2022\/09\/D_NQ_NP_791482-MLB42208503839_062020-O-300x300.webp 300w, https:\/\/resolucaodigital.com.br\/wp-content\/uploads\/2022\/09\/D_NQ_NP_791482-MLB42208503839_062020-O-150x150.webp 150w, https:\/\/resolucaodigital.com.br\/wp-content\/uploads\/2022\/09\/D_NQ_NP_791482-MLB42208503839_062020-O-230x230.webp 230w, https:\/\/resolucaodigital.com.br\/wp-content\/uploads\/2022\/09\/D_NQ_NP_791482-MLB42208503839_062020-O-365x365.webp 365w\" sizes=\"(max-width: 500px) 100vw, 500px\" \/><\/figure>\n\n\n\n<figure class=\"wp-block-image size-large\"><img loading=\"lazy\" width=\"1200\" height=\"804\" data-id=\"15\"  src=\"http:\/\/resolucaodigital.com.br\/wp-content\/uploads\/2022\/09\/28-1438281955.jpg\" alt=\"\" class=\"wp-image-15\" srcset=\"https:\/\/resolucaodigital.com.br\/wp-content\/uploads\/2022\/09\/28-1438281955.jpg 1200w, https:\/\/resolucaodigital.com.br\/wp-content\/uploads\/2022\/09\/28-1438281955-300x201.jpg 300w, https:\/\/resolucaodigital.com.br\/wp-content\/uploads\/2022\/09\/28-1438281955-1024x686.jpg 1024w, https:\/\/resolucaodigital.com.br\/wp-content\/uploads\/2022\/09\/28-1438281955-768x515.jpg 768w\" sizes=\"(max-width: 1200px) 100vw, 1200px\" \/><\/figure>\n<\/figure>\n\n\n\n<ul><li><a rel=\"noreferrer noopener\" href=\"https:\/\/facebook.com\/sharer\/sharer.php?u=https:\/\/guiadoestudante.abril.com.br\/orientacao-profissional\/qual-a-diferenca-entre-publicidade-propaganda-e-marketing\/\" target=\"_blank\"><\/a><\/li><li><a rel=\"noreferrer noopener\" href=\"https:\/\/twitter.com\/intent\/tweet?url=https:\/\/guiadoestudante.abril.com.br\/orientacao-profissional\/qual-a-diferenca-entre-publicidade-propaganda-e-marketing\/&amp;text=Qual a diferen\u00e7a entre publicidade, propaganda e marketing?\" target=\"_blank\"><\/a><\/li><li><a rel=\"noreferrer noopener\" href=\"https:\/\/web.whatsapp.com\/send?text=Qual a diferen\u00e7a entre publicidade, propaganda e marketing? https:\/\/guiadoestudante.abril.com.br\/orientacao-profissional\/qual-a-diferenca-entre-publicidade-propaganda-e-marketing\/ via Guia do Estudante\" target=\"_blank\"><\/a><\/li><li><a rel=\"noreferrer noopener\" href=\"https:\/\/telegram.me\/share\/url?url=https:\/\/guiadoestudante.abril.com.br\/orientacao-profissional\/qual-a-diferenca-entre-publicidade-propaganda-e-marketing\/&amp;text=Qual a diferen\u00e7a entre publicidade, propaganda e marketing?\" target=\"_blank\"><\/a><\/li><li><a rel=\"noreferrer noopener\" href=\"https:\/\/www.linkedin.com\/shareArticle?mini=true&amp;url=https:\/\/guiadoestudante.abril.com.br\/orientacao-profissional\/qual-a-diferenca-entre-publicidade-propaganda-e-marketing\/&amp;source=linkedin\" target=\"_blank\"><\/a><\/li><\/ul>\n\n\n\n<p>Muita gente se pergunta quais s\u00e3o as diferen\u00e7as entre trabalhar com marketing, publicidade e propaganda. <strong>H\u00e1 quem acredite que \u00e9 tudo a mesma coisa e quem tem na ponta da l\u00edngua o que difere cada uma das \u00e1reas.<\/strong><\/p>\n\n\n\n<p>Um bom come\u00e7o?<strong> Entender publicidade e propaganda como ferramentas que o marketing utiliza para promover produtos ou servi\u00e7os.<\/strong><\/p>\n\n\n\n<h3>O que \u00e9 propaganda<\/h3>\n\n\n\n<p>Como o pr\u00f3prio nome j\u00e1 indica, tem o papel de propagar, divulgar e criar condi\u00e7\u00f5es para que o mercado conhe\u00e7a o produto ou servi\u00e7o da empresa.<\/p>\n\n\n\n<p>Ela engloba desde comunica\u00e7\u00e3o em massa, feita em uma propaganda na televis\u00e3o ou em um an\u00fancio de jornal at\u00e9 a\u00e7\u00f5es de nicho, como panfletagem em uma pra\u00e7a ou a montagem de um stand de degusta\u00e7\u00e3o no supermercado.<\/p>\n\n\n\n<h3>O que \u00e9 publicidade<\/h3>\n\n\n\n<p>\u00c9 a comunica\u00e7\u00e3o teoricamente espont\u00e2nea. Ela acontece por meio de assessorias de imprensa e gestores de conte\u00fado que divulgam a marca por meio de m\u00eddias sociais, eventos e outros canais que tem como objetivo criar um boca a boca, fazendo com que as pessoas falem da marca ou neg\u00f3cio, tornando-se embaixadoras.<\/p>\n\n\n\n<p>\u00c9 preciso ter jogo de cintura para um dia estar lidando com a gest\u00e3o de crise da Petrobr\u00e1s, que \u00e9 um s\u00edmbolo do desenvolvimento econ\u00f4mico, no outro criar uma campanha para o Club Social, uma marca irreverente que tem como p\u00fablico alvo jovens de 18 a 24 anos e no seguinte entender o universo da dona de casa para apresentar um novo produto de limpeza.<\/p>\n\n\n\n<h3>O que \u00e9 marketing<\/h3>\n\n\n\n<p>\u00c9 algo muito global, que envolve a empresa como um todo. Produ\u00e7\u00e3o, canais de vendas, escolha do mix ideal do portf\u00f3lio de produtos. O marketing est\u00e1 diretamente envolvido com a estrat\u00e9gia corporativa.<\/p>\n\n\n\n<p>Em outras palavras, ele \u00e9 um guarda chuva grande que envolve n\u00e3o apenas a maneira como a comunica\u00e7\u00e3o acontece, mas tamb\u00e9m os caminhos que os produtos devem percorrer, como:<\/p>\n\n\n\n<ul><li>Canais de venda;<\/li><li>Log\u00edstica e distribui\u00e7\u00e3o;<\/li><li>Gest\u00e3o de pre\u00e7o (que n\u00e3o \u00e9 uma vari\u00e1vel s\u00f3 financeira, mas tamb\u00e9m mercadol\u00f3gica);<\/li><li>Posicionamento estrat\u00e9gico;<\/li><li>Entendimento do consumidor final;<\/li><li>Relacionamento com todos os <em>stakeholders<\/em> que interessam ao neg\u00f3cio.<\/li><\/ul>\n\n\n\n<figure class=\"wp-block-image size-full is-resized\"><img loading=\"lazy\" src=\"http:\/\/resolucaodigital.com.br\/wp-content\/uploads\/2022\/10\/era-digital-empresas.jpg\" alt=\"\" class=\"wp-image-66\" width=\"1098\" height=\"528\" srcset=\"https:\/\/resolucaodigital.com.br\/wp-content\/uploads\/2022\/10\/era-digital-empresas.jpg 790w, https:\/\/resolucaodigital.com.br\/wp-content\/uploads\/2022\/10\/era-digital-empresas-300x144.jpg 300w, https:\/\/resolucaodigital.com.br\/wp-content\/uploads\/2022\/10\/era-digital-empresas-768x369.jpg 768w\" sizes=\"(max-width: 1098px) 100vw, 1098px\" \/><\/figure>\n","protected":false},"excerpt":{"rendered":"<p>Muita gente se pergunta quais s\u00e3o as diferen\u00e7as entre trabalhar com marketing, publicidade e propaganda. H\u00e1 quem acredite que \u00e9 tudo a mesma coisa e quem tem na ponta da l\u00edngua o que difere cada uma das \u00e1reas. Um bom<\/p>\n","protected":false},"author":1,"featured_media":0,"parent":0,"menu_order":0,"comment_status":"closed","ping_status":"closed","template":"","meta":{"om_disable_all_campaigns":false,"_monsterinsights_skip_tracking":false,"_monsterinsights_sitenote_active":false,"_monsterinsights_sitenote_note":"","_monsterinsights_sitenote_category":0},"aioseo_notices":[],"_links":{"self":[{"href":"https:\/\/resolucaodigital.com.br\/index.php\/wp-json\/wp\/v2\/pages\/64"}],"collection":[{"href":"https:\/\/resolucaodigital.com.br\/index.php\/wp-json\/wp\/v2\/pages"}],"about":[{"href":"https:\/\/resolucaodigital.com.br\/index.php\/wp-json\/wp\/v2\/types\/page"}],"author":[{"embeddable":true,"href":"https:\/\/resolucaodigital.com.br\/index.php\/wp-json\/wp\/v2\/users\/1"}],"replies":[{"embeddable":true,"href":"https:\/\/resolucaodigital.com.br\/index.php\/wp-json\/wp\/v2\/comments?post=64"}],"version-history":[{"count":1,"href":"https:\/\/resolucaodigital.com.br\/index.php\/wp-json\/wp\/v2\/pages\/64\/revisions"}],"predecessor-version":[{"id":68,"href":"https:\/\/resolucaodigital.com.br\/index.php\/wp-json\/wp\/v2\/pages\/64\/revisions\/68"}],"wp:attachment":[{"href":"https:\/\/resolucaodigital.com.br\/index.php\/wp-json\/wp\/v2\/media?parent=64"}],"curies":[{"name":"wp","href":"https:\/\/api.w.org\/{rel}","templated":true}]}}